{"id":2,"date":"2020-02-15T20:49:59","date_gmt":"2020-02-15T19:49:59","guid":{"rendered":"http:\/\/lemanscipe.lautre.net\/wordpress\/?page_id=2"},"modified":"2025-11-12T15:19:51","modified_gmt":"2025-11-12T14:19:51","slug":"page-d-exemple","status":"publish","type":"page","link":"https:\/\/cnt72.lemanscipe.lautre.net\/?page_id=2","title":{"rendered":"Qui sommes-nous ?"},"content":{"rendered":"\n<p class=\"has-text-align-center is-style-text-subtitle has-contrast-color has-base-background-color has-text-color has-background has-link-color wp-elements-0f086dd9dd515407da2231ad8f537b1c is-style-text-subtitle--1\"> <strong>La CNT (Conf\u00e9d\u00e9ration Nationale du Travail)<\/strong> est un syndicat autogestionnaire et anticapitaliste qui s\u2019inspire des id\u00e9es libertaires. <\/p>\n\n\n\n<p class=\"has-contrast-color has-base-background-color has-text-color has-background has-link-color wp-elements-a828d23e496ace34247b31e678751b00\"><strong>\u00ab\u00a0Autogestionnaire\u00a0\u00bb<\/strong> signifie : pas de hi\u00e9rarchie, pas de dirigeant\u00b7e\u00b7s, pas de centralisme bureaucratique. Nos syndicats sont autonomes (c\u2019est le f\u00e9d\u00e9ralisme d\u00e9mocratique de base), ses mandat\u00e9\u00b7e\u00b7s et repr\u00e9sentant\u00b7e\u00b7s sont toutes et tous b\u00e9n\u00e9voles, r\u00e9vocables et contr\u00f4l\u00e9\u00b7e\u00b7s par les adh\u00e9rent\u00b7e\u00b7s dans les sections et tout le temps. Il n\u2019y a pas de permanent\u00b7e\u00b7s ni de salari\u00e9\u00b7e\u00b7s parce qu\u2019iels deviennent \u00e0 terme des professionnel\u00b7le\u00b7s de la contestation et prennent le pouvoir en interne in\u00e9luctablement pour sauver l\u2019appareil qui leur \u00e9vite de trimer comme les autres. C\u2019est humain.<\/p>\n\n\n\n<p class=\"has-contrast-color has-text-color has-link-color wp-elements-949c5e29feac61d753075a187e67af1e\">\u00ab\u00a0<strong>Anticapitaliste<\/strong>\u00a0\u00bb signifie que nous d\u00e9signons clairement nos ennemi\u00b7e\u00b7s de classe : le patronat, les actionnaires, les propri\u00e9taires des outils de travail, l\u2019\u00e9lite politicienne qui instrumentalise les services publics. Nous ne cherchons pas \u00e0 g\u00e9rer avec elleux mais \u00e0 faire en sorte qu\u2019iels soient le moins nombreu\u00b7x\u00b7ses possibles et \u00e0 les priver de leurs ressources. Cela passe selon nous par le d\u00e9veloppement d\u2019initiatives collectives bas\u00e9es sur la gratuit\u00e9 et l\u2019entraide afin de contrer la marchandisation.<\/p>\n\n\n\n<p class=\"has-contrast-color has-text-color has-link-color wp-elements-c993da85e76c7cd2fb264c8240da8e39\">Nous essayons de r\u00e9duire \u00e0 n\u00e9ant tous les rapports de domination dont nous avons h\u00e9rit\u00e9s par notre \u00e9ducation et le conditionnement social, (malgr\u00e9 nos belles id\u00e9es), et qui d\u00e9terminent notre comportement : la domination patriarcale, la domination coloniale et racis\u00e9e, la domination culturelle des \u00abcomp\u00e9tent.e.s\u00bb qui maitrisent les codes de langage, de droit, de communication et d\u2019organisation, la domination sur la nature vue comme \u00e9tant uniquement au service de l\u2019humain. Pourquoi ? Parce que ces rapports de domination cr\u00e9ent des hi\u00e9rarchies informelles entre individu\u00b7e\u00b7s sans qu\u2019il y ait besoin d\u2019un quelconque pouvoir structur\u00e9 ni de dirigeant\u00b7e\u00b7s d\u00e9clar\u00e9\u00b7e\u00b7s. Parce que les capitalistes appuient et accentuent ces divisions pour mettre en \u0153uvre leur exploitation, en accordant des privil\u00e8ges \u00e0 certain\u00b7e\u00b7s pour qu\u2019iels maintiennent le cadre disciplinaire du travail. Les rapports de domination permettent que des individu\u00b7e\u00b7s s\u2019habituent \u00e0 subir, \u00e0 ob\u00e9ir, \u00e0 s\u2019effacer, \u00e0 se sacrifier.<\/p>\n\n\n\n<blockquote class=\"wp-block-quote has-accent-2-background-color has-background is-layout-flow wp-block-quote-is-layout-flow\">\n<p> \u201c<em>Une soci\u00e9t\u00e9 qui n&rsquo;aurait pas de leader, de type qui parle, serait incompl\u00e8te, au sens o\u00f9 il faut que la figure du pouvoir possible (c&rsquo;est-\u00e0-dire ce que la soci\u00e9t\u00e9 veut emp\u00eacher), le lieu du pouvoir, ne soit pas perdu. Il faut que ce lieu soit d\u00e9fini. Il faut quelqu&rsquo;un dont on puisse dire: \u00ab\u00a0Voil\u00e0, le chef c&rsquo;est lui, et c&rsquo;est pr\u00e9cis\u00e9ment lui qu&rsquo;on emp\u00eachera d&rsquo;\u00eatre le chef\u00a0\u00bb. Si on ne peut pas s&rsquo;adresser \u00e0 lui pour lui demander des choses, s&rsquo;il n&rsquo;y a pas cette figure-l\u00e0 qui occupe ce lieu du pouvoir possible, on ne peut pas emp\u00eacher que ce pouvoir devienne r\u00e9el. Pour emp\u00eacher que ce pouvoir devienne r\u00e9el, il faut pi\u00e9ger ce lieu, il faut y mettre quelqu&rsquo;un, et ce quelqu&rsquo;un c&rsquo;est le chef<\/em>\u201d.  <\/p>\n<cite>  Pierre Clastres, Entretien avec l&rsquo;Anti-mythes (1974) <\/cite><\/blockquote>\n\n\n\n<p class=\"is-style-default has-contrast-color has-text-color has-link-color wp-elements-cf36cbd06bb24d0401259cc03295d04f\"><strong>La Conf\u00e9d\u00e9ration Nationale du Travail<\/strong> a pour but :<\/p>\n\n\n\n<p class=\"has-contrast-color has-text-color has-link-color wp-elements-1b623201ad7f07bc22217aa5939e78c0\">De grouper, sur le terrain sp\u00e9cifiquement \u00e9conomique, sans autre forme de discrimination, pour la d\u00e9fense de leurs int\u00e9r\u00eats mat\u00e9riels et moraux, tous les travailleureuses \u00e0 l&rsquo;exception des employeureuses et des forces r\u00e9pressives de l\u2019\u00c9tat consid\u00e9r\u00e9es comme des ennemies des travailleureuses. <\/p>\n\n\n\n<p class=\"has-contrast-color has-text-color has-link-color wp-elements-b02571c3760bb9f8bb9e4721fc6f416f\">De poursuivre, par la lutte des classes et l&rsquo;action directe, la lib\u00e9ration des travailleureuses qui ne sera r\u00e9alis\u00e9e que par la transformation totale de la soci\u00e9t\u00e9 actuelle. <\/p>\n\n\n\n<p class=\"has-contrast-color has-text-color has-link-color wp-elements-eed995474a27287e481d51932b74a983\">Elle pr\u00e9cise que cette transformation ne s&rsquo;accomplira que par la suppression du salariat et du patronat, par la syndicalisation des moyens de production, de r\u00e9partition, d&rsquo;\u00e9change et de consommation, et le remplacement de l\u2019\u00c9tat par un organisme issu du syndicalisme lui-m\u00eame et g\u00e9r\u00e9 par l&rsquo;ensemble de la soci\u00e9t\u00e9. <\/p>\n\n\n\n<p class=\"has-contrast-color has-text-color has-link-color wp-elements-52e5ac09359d925443169367b7da59a3\">La <strong>CNT<\/strong>, reposant sur lea producteurice, garantit \u00e0 cellui-ci la direction de l&rsquo;organisation des travailleureuses.<\/p>\n","protected":false},"excerpt":{"rendered":"<p>La CNT (Conf\u00e9d\u00e9ration Nationale du Travail) est un syndicat autogestionnaire et anticapitaliste qui s\u2019inspire des id\u00e9es libertaires. \u00ab\u00a0Autogestionnaire\u00a0\u00bb signifie : pas de hi\u00e9rarchie, pas de dirigeant\u00b7e\u00b7s, pas de centralisme bureaucratique. Nos syndicats sont autonomes (c\u2019est le f\u00e9d\u00e9ralisme d\u00e9mocratique de base), ses mandat\u00e9\u00b7e\u00b7s et repr\u00e9sentant\u00b7e\u00b7s sont toutes et tous b\u00e9n\u00e9voles, r\u00e9vocables et contr\u00f4l\u00e9\u00b7e\u00b7s par les adh\u00e9rent\u00b7e\u00b7s [&hellip;]<\/p>\n","protected":false},"author":1,"featured_media":26,"parent":0,"menu_order":0,"comment_status":"closed","ping_status":"open","template":"","meta":{"footnotes":""},"class_list":["post-2","page","type-page","status-publish","has-post-thumbnail","hentry"],"_links":{"self":[{"href":"https:\/\/cnt72.lemanscipe.lautre.net\/index.php?rest_route=\/wp\/v2\/pages\/2","targetHints":{"allow":["GET"]}}],"collection":[{"href":"https:\/\/cnt72.lemanscipe.lautre.net\/index.php?rest_route=\/wp\/v2\/pages"}],"about":[{"href":"https:\/\/cnt72.lemanscipe.lautre.net\/index.php?rest_route=\/wp\/v2\/types\/page"}],"author":[{"embeddable":true,"href":"https:\/\/cnt72.lemanscipe.lautre.net\/index.php?rest_route=\/wp\/v2\/users\/1"}],"replies":[{"embeddable":true,"href":"https:\/\/cnt72.lemanscipe.lautre.net\/index.php?rest_route=%2Fwp%2Fv2%2Fcomments&post=2"}],"version-history":[{"count":14,"href":"https:\/\/cnt72.lemanscipe.lautre.net\/index.php?rest_route=\/wp\/v2\/pages\/2\/revisions"}],"predecessor-version":[{"id":482,"href":"https:\/\/cnt72.lemanscipe.lautre.net\/index.php?rest_route=\/wp\/v2\/pages\/2\/revisions\/482"}],"wp:featuredmedia":[{"embeddable":true,"href":"https:\/\/cnt72.lemanscipe.lautre.net\/index.php?rest_route=\/wp\/v2\/media\/26"}],"wp:attachment":[{"href":"https:\/\/cnt72.lemanscipe.lautre.net\/index.php?rest_route=%2Fwp%2Fv2%2Fmedia&parent=2"}],"curies":[{"name":"wp","href":"https:\/\/api.w.org\/{rel}","templated":true}]}}